{"id":1180,"date":"2025-08-05T12:18:24","date_gmt":"2025-08-05T10:18:24","guid":{"rendered":"https:\/\/www.beevista.pl\/?post_type=product&#038;p=1180"},"modified":"2025-12-10T09:42:19","modified_gmt":"2025-12-10T08:42:19","slug":"kapelusz-pszczelarski-wymienny-z-zamkiem","status":"publish","type":"product","link":"https:\/\/www.beevista.pl\/index.php\/produkt\/kapelusz-pszczelarski-wymienny-z-zamkiem\/","title":{"rendered":"Kapelusz pszczelarski wymienny z zamkiem"},"content":{"rendered":"<p>Kapelusz pszczelarski, kt\u00f3ry jest wyko\u0144czony zamkiem b\u0142yskawicznym zamiast \u015bci\u0105gacza. Mo\u017cna go wszy\u0107 do dowolnego kombinezonu lub bluzy.<\/p>\n<p>Bez potrzeby wszywania zamka pasuje do bluz i kombinezon\u00f3w XL firmy <strong>Adamek<\/strong>.<\/p>\n<p>Bluzy nierozpinane:<\/p>\n<ul>\n<li>spiralny zamek pojedynczy, rozdzielny w rozmiarze 5.<\/li>\n<\/ul>\n<p>Bluzy i kombinezony rozpinane<\/p>\n<ul>\n<li>spiralny zamek dwusuwakowy, rozbie\u017cny, rozdzielny w rozmiarze 5<\/li>\n<li>ochraniacz z rzepami przykrywaj\u0105cy po\u0142\u0105czenie zamk\u00f3w b\u0142yskawicznych.<\/li>\n<\/ul>\n","protected":false},"excerpt":{"rendered":"<p>Kapelusz pszczelarski, kt\u00f3ry jest wyko\u0144czony zamkiem b\u0142yskawicznym zamiast \u015bci\u0105gacza. Mo\u017cna go wszy\u0107 do dowolnego kombinezonu lub bluzy. Bez potrzeby wszywania zamka pasuje do bluz i kombinezon\u00f3w XL firmy Adamek. Bluzy nierozpinane: spiralny zamek pojedynczy, rozdzielny w rozmiarze 5. Bluzy i kombinezony rozpinane spiralny zamek dwusuwakowy, rozbie\u017cny, rozdzielny w rozmiarze 5 ochraniacz z rzepami przykrywaj\u0105cy po\u0142\u0105czenie [&hellip;]<\/p>\n","protected":false},"featured_media":1181,"template":"","meta":[],"product_brand":[],"product_cat":[51],"product_tag":[],"class_list":{"0":"post-1180","1":"product","2":"type-product","3":"status-publish","4":"has-post-thumbnail","6":"product_cat-kapelusze","8":"first","9":"outofstock","10":"taxable","11":"shipping-taxable","12":"purchasable","13":"product-type-simple"},"_links":{"self":[{"href":"https:\/\/www.beevista.pl\/index.php\/wp-json\/wp\/v2\/product\/1180","targetHints":{"allow":["GET"]}}],"collection":[{"href":"https:\/\/www.beevista.pl\/index.php\/wp-json\/wp\/v2\/product"}],"about":[{"href":"https:\/\/www.beevista.pl\/index.php\/wp-json\/wp\/v2\/types\/product"}],"wp:featuredmedia":[{"embeddable":true,"href":"https:\/\/www.beevista.pl\/index.php\/wp-json\/wp\/v2\/media\/1181"}],"wp:attachment":[{"href":"https:\/\/www.beevista.pl\/index.php\/wp-json\/wp\/v2\/media?parent=1180"}],"wp:term":[{"taxonomy":"product_brand","embeddable":true,"href":"https:\/\/www.beevista.pl\/index.php\/wp-json\/wp\/v2\/product_brand?post=1180"},{"taxonomy":"product_cat","embeddable":true,"href":"https:\/\/www.beevista.pl\/index.php\/wp-json\/wp\/v2\/product_cat?post=1180"},{"taxonomy":"product_tag","embeddable":true,"href":"https:\/\/www.beevista.pl\/index.php\/wp-json\/wp\/v2\/product_tag?post=1180"}],"curies":[{"name":"wp","href":"https:\/\/api.w.org\/{rel}","templated":true}]}}