{"id":1075,"date":"2025-07-30T22:27:42","date_gmt":"2025-07-30T20:27:42","guid":{"rendered":"https:\/\/www.beevista.pl\/?post_type=product&#038;p=1075"},"modified":"2026-04-28T11:15:00","modified_gmt":"2026-04-28T09:15:00","slug":"drut-nierdzewny","status":"publish","type":"product","link":"https:\/\/www.beevista.pl\/index.php\/produkt\/drut-nierdzewny\/","title":{"rendered":"Drut nierdzewny"},"content":{"rendered":"<p>Drut pszczelarski nierdzewny (Aisi 304) przeznaczony do naci\u0105gania w ramkach w celu wtopienia w\u0119zy.<br \/>\nPlastyczny \u0142atwo daj\u0105cy si\u0119 formowa\u0107, lecz zarazem silny i wytrzyma\u0142y.<\/p>\n","protected":false},"excerpt":{"rendered":"<p>Drut pszczelarski nierdzewny (Aisi 304) przeznaczony do naci\u0105gania w ramkach w celu wtopienia w\u0119zy. Plastyczny \u0142atwo daj\u0105cy si\u0119 formowa\u0107, lecz zarazem silny i wytrzyma\u0142y.<\/p>\n","protected":false},"featured_media":1076,"template":"","meta":[],"product_brand":[],"product_cat":[55],"product_tag":[],"class_list":{"0":"post-1075","1":"product","2":"type-product","3":"status-publish","4":"has-post-thumbnail","6":"product_cat-ramki","8":"first","9":"instock","10":"taxable","11":"shipping-taxable","12":"purchasable","13":"product-type-variable"},"_links":{"self":[{"href":"https:\/\/www.beevista.pl\/index.php\/wp-json\/wp\/v2\/product\/1075","targetHints":{"allow":["GET"]}}],"collection":[{"href":"https:\/\/www.beevista.pl\/index.php\/wp-json\/wp\/v2\/product"}],"about":[{"href":"https:\/\/www.beevista.pl\/index.php\/wp-json\/wp\/v2\/types\/product"}],"wp:featuredmedia":[{"embeddable":true,"href":"https:\/\/www.beevista.pl\/index.php\/wp-json\/wp\/v2\/media\/1076"}],"wp:attachment":[{"href":"https:\/\/www.beevista.pl\/index.php\/wp-json\/wp\/v2\/media?parent=1075"}],"wp:term":[{"taxonomy":"product_brand","embeddable":true,"href":"https:\/\/www.beevista.pl\/index.php\/wp-json\/wp\/v2\/product_brand?post=1075"},{"taxonomy":"product_cat","embeddable":true,"href":"https:\/\/www.beevista.pl\/index.php\/wp-json\/wp\/v2\/product_cat?post=1075"},{"taxonomy":"product_tag","embeddable":true,"href":"https:\/\/www.beevista.pl\/index.php\/wp-json\/wp\/v2\/product_tag?post=1075"}],"curies":[{"name":"wp","href":"https:\/\/api.w.org\/{rel}","templated":true}]}}