{"id":1068,"date":"2025-07-30T22:21:56","date_gmt":"2025-07-30T20:21:56","guid":{"rendered":"https:\/\/www.beevista.pl\/?post_type=product&#038;p=1068"},"modified":"2026-03-04T13:30:59","modified_gmt":"2026-03-04T12:30:59","slug":"spodnie-pszczelarskie","status":"publish","type":"product","link":"https:\/\/www.beevista.pl\/index.php\/produkt\/spodnie-pszczelarskie\/","title":{"rendered":"Spodnie pszczelarskie"},"content":{"rendered":"<p>Spodnie pszczelarskie wykonane z tkaniny drelichowej. W cz\u0119\u015bci kolanowej podw\u00f3jna tkanina. W dole nogawek i w pasie gumki. Dwie du\u017ce kieszenie oraz wpust na d\u0142uto. Boczne suwaki na nogawkach u\u0142atwiaj\u0105 zak\u0142adanie spodni pszczelarskich.<\/p>\n<p>Producent: Adamek<\/p>\n<p>Kolor: be\u017cowy<\/p>\n","protected":false},"excerpt":{"rendered":"<p>Spodnie pszczelarskie wykonane z tkaniny drelichowej. W cz\u0119\u015bci kolanowej podw\u00f3jna tkanina. W dole nogawek i w pasie gumki. Dwie du\u017ce kieszenie oraz wpust na d\u0142uto. Boczne suwaki na nogawkach u\u0142atwiaj\u0105 zak\u0142adanie spodni pszczelarskich. Producent: Adamek Kolor: be\u017cowy<\/p>\n","protected":false},"featured_media":1029,"template":"","meta":[],"product_brand":[63],"product_cat":[65],"product_tag":[],"class_list":{"0":"post-1068","1":"product","2":"type-product","3":"status-publish","4":"has-post-thumbnail","6":"product_brand-adamek","7":"product_cat-spodnie","9":"first","10":"instock","11":"taxable","12":"shipping-taxable","13":"purchasable","14":"product-type-variable"},"_links":{"self":[{"href":"https:\/\/www.beevista.pl\/index.php\/wp-json\/wp\/v2\/product\/1068","targetHints":{"allow":["GET"]}}],"collection":[{"href":"https:\/\/www.beevista.pl\/index.php\/wp-json\/wp\/v2\/product"}],"about":[{"href":"https:\/\/www.beevista.pl\/index.php\/wp-json\/wp\/v2\/types\/product"}],"wp:featuredmedia":[{"embeddable":true,"href":"https:\/\/www.beevista.pl\/index.php\/wp-json\/wp\/v2\/media\/1029"}],"wp:attachment":[{"href":"https:\/\/www.beevista.pl\/index.php\/wp-json\/wp\/v2\/media?parent=1068"}],"wp:term":[{"taxonomy":"product_brand","embeddable":true,"href":"https:\/\/www.beevista.pl\/index.php\/wp-json\/wp\/v2\/product_brand?post=1068"},{"taxonomy":"product_cat","embeddable":true,"href":"https:\/\/www.beevista.pl\/index.php\/wp-json\/wp\/v2\/product_cat?post=1068"},{"taxonomy":"product_tag","embeddable":true,"href":"https:\/\/www.beevista.pl\/index.php\/wp-json\/wp\/v2\/product_tag?post=1068"}],"curies":[{"name":"wp","href":"https:\/\/api.w.org\/{rel}","templated":true}]}}