{"id":1061,"date":"2025-07-30T22:19:35","date_gmt":"2025-07-30T20:19:35","guid":{"rendered":"https:\/\/www.beevista.pl\/?post_type=product&#038;p=1061"},"modified":"2026-04-17T12:28:08","modified_gmt":"2026-04-17T10:28:08","slug":"bluza-pszczelarska-z-wentylacja","status":"publish","type":"product","link":"https:\/\/www.beevista.pl\/index.php\/produkt\/bluza-pszczelarska-z-wentylacja\/","title":{"rendered":"Bluza pszczelarska z wentylacj\u0105"},"content":{"rendered":"<p>Bluza pszczelarska z kapeluszem i wentylacj\u0105, zapinana na suwak. Ko\u0142nierz typu st\u00f3jka, kapelusz z mo\u017cliwo\u015bci\u0105 odpi\u0119cia.<br \/>\nBluza wykonana jest z 3 \u2013 warstwowej siatki i element\u00f3w bawe\u0142nianych, co zapewnia dobr\u0105 cyrkulacj\u0119 powietrza.<br \/>\nPosiada dwie du\u017ce bawe\u0142niane kieszenie i jedn\u0105 ma\u0142\u0105 zapinane na rzepy, a r\u0119kawy zako\u0144czone s\u0105 gumk\u0105.<br \/>\nDla dodatkowej ochrony na \u0142okciach znajduje si\u0119 materia\u0142.<\/p>\n<p>Producent : Adamek<br \/>\nKolor: \u017c\u00f3\u0142ty z bia\u0142\u0105 siatk\u0105<\/p>\n","protected":false},"excerpt":{"rendered":"<p>Bluza pszczelarska z kapeluszem i wentylacj\u0105, zapinana na suwak. Ko\u0142nierz typu st\u00f3jka, kapelusz z mo\u017cliwo\u015bci\u0105 odpi\u0119cia. Bluza wykonana jest z 3 \u2013 warstwowej siatki i element\u00f3w bawe\u0142nianych, co zapewnia dobr\u0105 cyrkulacj\u0119 powietrza. Posiada dwie du\u017ce bawe\u0142niane kieszenie i jedn\u0105 ma\u0142\u0105 zapinane na rzepy, a r\u0119kawy zako\u0144czone s\u0105 gumk\u0105. Dla dodatkowej ochrony na \u0142okciach znajduje si\u0119 [&hellip;]<\/p>\n","protected":false},"featured_media":1027,"template":"","meta":[],"product_brand":[63],"product_cat":[62],"product_tag":[],"class_list":{"0":"post-1061","1":"product","2":"type-product","3":"status-publish","4":"has-post-thumbnail","6":"product_brand-adamek","7":"product_cat-bluzy","9":"first","10":"instock","11":"taxable","12":"shipping-taxable","13":"purchasable","14":"product-type-variable"},"_links":{"self":[{"href":"https:\/\/www.beevista.pl\/index.php\/wp-json\/wp\/v2\/product\/1061","targetHints":{"allow":["GET"]}}],"collection":[{"href":"https:\/\/www.beevista.pl\/index.php\/wp-json\/wp\/v2\/product"}],"about":[{"href":"https:\/\/www.beevista.pl\/index.php\/wp-json\/wp\/v2\/types\/product"}],"wp:featuredmedia":[{"embeddable":true,"href":"https:\/\/www.beevista.pl\/index.php\/wp-json\/wp\/v2\/media\/1027"}],"wp:attachment":[{"href":"https:\/\/www.beevista.pl\/index.php\/wp-json\/wp\/v2\/media?parent=1061"}],"wp:term":[{"taxonomy":"product_brand","embeddable":true,"href":"https:\/\/www.beevista.pl\/index.php\/wp-json\/wp\/v2\/product_brand?post=1061"},{"taxonomy":"product_cat","embeddable":true,"href":"https:\/\/www.beevista.pl\/index.php\/wp-json\/wp\/v2\/product_cat?post=1061"},{"taxonomy":"product_tag","embeddable":true,"href":"https:\/\/www.beevista.pl\/index.php\/wp-json\/wp\/v2\/product_tag?post=1061"}],"curies":[{"name":"wp","href":"https:\/\/api.w.org\/{rel}","templated":true}]}}