{"id":1043,"date":"2025-07-30T22:10:54","date_gmt":"2025-07-30T20:10:54","guid":{"rendered":"https:\/\/www.beevista.pl\/?post_type=product&#038;p=1043"},"modified":"2026-03-25T21:31:45","modified_gmt":"2026-03-25T20:31:45","slug":"bluza-pszczelarska-dziecieca-zolta","status":"publish","type":"product","link":"https:\/\/www.beevista.pl\/index.php\/produkt\/bluza-pszczelarska-dziecieca-zolta\/","title":{"rendered":"Bluza pszczelarska dzieci\u0119ca \u017c\u00f3\u0142ta"},"content":{"rendered":"<p data-start=\"328\" data-end=\"637\">Dzieci\u0119ca bluza pszczelarska zintegrowana z kapeluszem, zapinana na wygodny zamek, chroni przed przypadkowym u\u017c\u0105dleniem podczas pracy przy ulach. Idealna podczas wsp\u00f3lnej zabawy, nauki i pierwszych krok\u00f3w w pszczelarstwie dla dzieci w wieku szkolnym.<\/p>\n<h3 data-start=\"639\" data-end=\"661\">\u2705 Kluczowe zalety:<\/h3>\n<ul data-start=\"662\" data-end=\"1053\">\n<li data-start=\"662\" data-end=\"753\">\n<p data-start=\"664\" data-end=\"753\"><strong data-start=\"664\" data-end=\"697\">Wysoka ochrona g\u0142owy i twarzy<\/strong> dzi\u0119ki zintegrowanemu kapeluszowi i siatkowej os\u0142onie<\/p>\n<\/li>\n<li data-start=\"662\" data-end=\"753\"><strong>Ochrona d\u0142oni <\/strong>poprzez specjalne gumki w r\u0119kawach<\/li>\n<li data-start=\"754\" data-end=\"814\">\n<p data-start=\"756\" data-end=\"814\"><strong data-start=\"756\" data-end=\"775\">Rozpinany prz\u00f3d<\/strong> u\u0142atwia ubieranie i zak\u0142adanie bluzy<\/p>\n<\/li>\n<li data-start=\"815\" data-end=\"891\">\n<p data-start=\"817\" data-end=\"891\"><strong data-start=\"817\" data-end=\"840\">Bezpieczny materia\u0142<\/strong> \u2013 zapewnia ochron\u0119 podczas kontaktu z pszczo\u0142ami<\/p>\n<\/li>\n<li data-start=\"892\" data-end=\"966\">\n<p data-start=\"894\" data-end=\"966\"><strong data-start=\"894\" data-end=\"937\">Lekka i wygodna <\/strong>\u2013 komfortowa podczas pracy<\/p>\n<\/li>\n<li data-start=\"967\" data-end=\"1053\">\n<p data-start=\"969\" data-end=\"1053\"><strong data-start=\"969\" data-end=\"1005\">R\u00f3\u017cnorodno\u015b\u0107 rozmiar\u00f3w <\/strong>\u2013 dostosowana do dzieci w wieku wczesnoszkolnym<\/p>\n<\/li>\n<\/ul>\n<h3 data-start=\"1326\" data-end=\"1349\">\ud83e\uddd1\u200d\ud83c\udf3e Zastosowanie:<\/h3>\n<ul data-start=\"1350\" data-end=\"1565\">\n<li data-start=\"1350\" data-end=\"1412\">\n<p data-start=\"1352\" data-end=\"1412\">Idealna dla dzieci towarzysz\u0105cych doros\u0142ym przy pszczo\u0142ach<\/p>\n<\/li>\n<li data-start=\"1413\" data-end=\"1491\">\n<p data-start=\"1415\" data-end=\"1491\">\u015awietna na zaj\u0119cia edukacyjne, wycieczki przyrodnicze lub pasieczne lekcje<\/p>\n<\/li>\n<li data-start=\"1492\" data-end=\"1565\">\n<p data-start=\"1494\" data-end=\"1565\">Doskona\u0142a jako praktyczny i warto\u015bciowy prezent dla m\u0142odego pszczelarza<\/p>\n<\/li>\n<\/ul>\n<p>Kolor: \u017c\u00f3\u0142ty<\/p>\n","protected":false},"excerpt":{"rendered":"<p>Dzieci\u0119ca bluza pszczelarska zintegrowana z kapeluszem, zapinana na wygodny zamek, chroni przed przypadkowym u\u017c\u0105dleniem podczas pracy przy ulach. Idealna podczas wsp\u00f3lnej zabawy, nauki i pierwszych krok\u00f3w w pszczelarstwie dla dzieci w wieku szkolnym. \u2705 Kluczowe zalety: Wysoka ochrona g\u0142owy i twarzy dzi\u0119ki zintegrowanemu kapeluszowi i siatkowej os\u0142onie Ochrona d\u0142oni poprzez specjalne gumki w r\u0119kawach Rozpinany [&hellip;]<\/p>\n","protected":false},"featured_media":1024,"template":"","meta":[],"product_brand":[63],"product_cat":[62],"product_tag":[],"class_list":{"0":"post-1043","1":"product","2":"type-product","3":"status-publish","4":"has-post-thumbnail","6":"product_brand-adamek","7":"product_cat-bluzy","9":"first","10":"outofstock","11":"taxable","12":"shipping-taxable","13":"purchasable","14":"product-type-variable"},"_links":{"self":[{"href":"https:\/\/www.beevista.pl\/index.php\/wp-json\/wp\/v2\/product\/1043","targetHints":{"allow":["GET"]}}],"collection":[{"href":"https:\/\/www.beevista.pl\/index.php\/wp-json\/wp\/v2\/product"}],"about":[{"href":"https:\/\/www.beevista.pl\/index.php\/wp-json\/wp\/v2\/types\/product"}],"wp:featuredmedia":[{"embeddable":true,"href":"https:\/\/www.beevista.pl\/index.php\/wp-json\/wp\/v2\/media\/1024"}],"wp:attachment":[{"href":"https:\/\/www.beevista.pl\/index.php\/wp-json\/wp\/v2\/media?parent=1043"}],"wp:term":[{"taxonomy":"product_brand","embeddable":true,"href":"https:\/\/www.beevista.pl\/index.php\/wp-json\/wp\/v2\/product_brand?post=1043"},{"taxonomy":"product_cat","embeddable":true,"href":"https:\/\/www.beevista.pl\/index.php\/wp-json\/wp\/v2\/product_cat?post=1043"},{"taxonomy":"product_tag","embeddable":true,"href":"https:\/\/www.beevista.pl\/index.php\/wp-json\/wp\/v2\/product_tag?post=1043"}],"curies":[{"name":"wp","href":"https:\/\/api.w.org\/{rel}","templated":true}]}}