{"id":1036,"date":"2025-07-30T22:04:24","date_gmt":"2025-07-30T20:04:24","guid":{"rendered":"https:\/\/www.beevista.pl\/?post_type=product&#038;p=1036"},"modified":"2025-12-10T09:39:47","modified_gmt":"2025-12-10T08:39:47","slug":"bluza-pszczelarska-z-kapeluszem-rozpinana-biala","status":"publish","type":"product","link":"https:\/\/www.beevista.pl\/index.php\/produkt\/bluza-pszczelarska-z-kapeluszem-rozpinana-biala\/","title":{"rendered":"Bluza pszczelarska z kapeluszem rozpinana bia\u0142a"},"content":{"rendered":"<p>Bluza rozpinana z suwakiem oraz kapeluszem w komplecie (mo\u017cliwo\u015b\u0107 odpi\u0119cia kapelusza ca\u0142kowicie).<\/p>\n<p>R\u0119kawy zako\u0144czone gumkami, dwie du\u017ce kieszenie i jedna ma\u0142a, zapinane na rzepy.<\/p>\n<p>W siatce kapelusza wszyty drut przytrzymuj\u0105cy j\u0105 w odpowiedniej odleg\u0142o\u015bci od g\u0142owy.<\/p>\n<p>&nbsp;<\/p>\n<p>Producent: Adamek<\/p>\n<p>Kolor: bia\u0142y<\/p>\n","protected":false},"excerpt":{"rendered":"<p>Bluza rozpinana z suwakiem oraz kapeluszem w komplecie (mo\u017cliwo\u015b\u0107 odpi\u0119cia kapelusza ca\u0142kowicie). R\u0119kawy zako\u0144czone gumkami, dwie du\u017ce kieszenie i jedna ma\u0142a, zapinane na rzepy. W siatce kapelusza wszyty drut przytrzymuj\u0105cy j\u0105 w odpowiedniej odleg\u0142o\u015bci od g\u0142owy. &nbsp; Producent: Adamek Kolor: bia\u0142y<\/p>\n","protected":false},"featured_media":1025,"template":"","meta":[],"product_brand":[63],"product_cat":[62],"product_tag":[],"class_list":{"0":"post-1036","1":"product","2":"type-product","3":"status-publish","4":"has-post-thumbnail","6":"product_brand-adamek","7":"product_cat-bluzy","9":"first","10":"instock","11":"taxable","12":"shipping-taxable","13":"purchasable","14":"product-type-variable"},"_links":{"self":[{"href":"https:\/\/www.beevista.pl\/index.php\/wp-json\/wp\/v2\/product\/1036","targetHints":{"allow":["GET"]}}],"collection":[{"href":"https:\/\/www.beevista.pl\/index.php\/wp-json\/wp\/v2\/product"}],"about":[{"href":"https:\/\/www.beevista.pl\/index.php\/wp-json\/wp\/v2\/types\/product"}],"wp:featuredmedia":[{"embeddable":true,"href":"https:\/\/www.beevista.pl\/index.php\/wp-json\/wp\/v2\/media\/1025"}],"wp:attachment":[{"href":"https:\/\/www.beevista.pl\/index.php\/wp-json\/wp\/v2\/media?parent=1036"}],"wp:term":[{"taxonomy":"product_brand","embeddable":true,"href":"https:\/\/www.beevista.pl\/index.php\/wp-json\/wp\/v2\/product_brand?post=1036"},{"taxonomy":"product_cat","embeddable":true,"href":"https:\/\/www.beevista.pl\/index.php\/wp-json\/wp\/v2\/product_cat?post=1036"},{"taxonomy":"product_tag","embeddable":true,"href":"https:\/\/www.beevista.pl\/index.php\/wp-json\/wp\/v2\/product_tag?post=1036"}],"curies":[{"name":"wp","href":"https:\/\/api.w.org\/{rel}","templated":true}]}}