{"id":72,"date":"2024-12-09T19:07:47","date_gmt":"2024-12-09T18:07:47","guid":{"rendered":"https:\/\/www.beevista.pl\/?page_id=72"},"modified":"2024-12-12T21:13:06","modified_gmt":"2024-12-12T20:13:06","slug":"platnosc-i-dostawa","status":"publish","type":"page","link":"https:\/\/www.beevista.pl\/index.php\/platnosc-i-dostawa\/","title":{"rendered":"P\u0142atno\u015b\u0107 i dostawa"},"content":{"rendered":"\r\n<p><strong>P\u0142atno\u015b\u0107<\/strong><\/p>\r\n\r\n\r\n\r\n<p>W naszym sklepie dost\u0119pne s\u0105 nast\u0119puj\u0105ce formy p\u0142atno\u015bci:<\/p>\r\n\r\n\r\n\r\n<ul class=\"wp-block-list\">\r\n<li>Przelewy Online Cashbill.pl \u2013 przelewy z wi\u0119kszo\u015bci popularnych Polskich bank\u00f3w.<\/li>\r\n\r\n\r\n\r\n<li>Je\u017celi nie ma tam Twojego banku na li\u015bcie kliknij link &#8222;Wi\u0119cej bank\u00f3w&#8221; i wybierz na samym dole listy &#8222;Przelew z innego banku&#8221; otrzymasz numer konta i tytu\u0142 transakcji.<br><br><b>Uwaga<\/b>! Prosimy o dok\u0142adne przepisanie tak jak b\u0119dzie podane na stronie Cashbill i <b>NIE ZMIENIANIE<\/b> kwoty przelewu i tytu\u0142u transakcji aby wszystko zosta\u0142o automatycznie rozliczone.<\/li>\r\n<\/ul>\r\n\r\n\r\n\r\n<p><\/p>\r\n\r\n\r\n\r\n<p><strong>Dostawa<\/strong><\/p>\r\n\r\n\r\n\r\n<p>Paczki wysy\u0142ane s\u0105 codziennie od poniedzia\u0142ku do pi\u0105tku. <\/p>\r\n\r\n\r\n\r\n<p>Korzystamy z us\u0142ug firm kurierskich Inpost oraz DPD.<\/p>\r\n","protected":false},"excerpt":{"rendered":"<p>P\u0142atno\u015b\u0107 W naszym sklepie dost\u0119pne s\u0105 nast\u0119puj\u0105ce formy p\u0142atno\u015bci: Dostawa Paczki wysy\u0142ane s\u0105 codziennie od poniedzia\u0142ku do pi\u0105tku. Korzystamy z us\u0142ug firm kurierskich Inpost oraz DPD.<\/p>\n","protected":false},"author":1,"featured_media":0,"parent":0,"menu_order":0,"comment_status":"closed","ping_status":"closed","template":"","meta":{"footnotes":""},"class_list":["post-72","page","type-page","status-publish","hentry"],"_links":{"self":[{"href":"https:\/\/www.beevista.pl\/index.php\/wp-json\/wp\/v2\/pages\/72","targetHints":{"allow":["GET"]}}],"collection":[{"href":"https:\/\/www.beevista.pl\/index.php\/wp-json\/wp\/v2\/pages"}],"about":[{"href":"https:\/\/www.beevista.pl\/index.php\/wp-json\/wp\/v2\/types\/page"}],"author":[{"embeddable":true,"href":"https:\/\/www.beevista.pl\/index.php\/wp-json\/wp\/v2\/users\/1"}],"replies":[{"embeddable":true,"href":"https:\/\/www.beevista.pl\/index.php\/wp-json\/wp\/v2\/comments?post=72"}],"version-history":[{"count":1,"href":"https:\/\/www.beevista.pl\/index.php\/wp-json\/wp\/v2\/pages\/72\/revisions"}],"predecessor-version":[{"id":73,"href":"https:\/\/www.beevista.pl\/index.php\/wp-json\/wp\/v2\/pages\/72\/revisions\/73"}],"wp:attachment":[{"href":"https:\/\/www.beevista.pl\/index.php\/wp-json\/wp\/v2\/media?parent=72"}],"curies":[{"name":"wp","href":"https:\/\/api.w.org\/{rel}","templated":true}]}}